{"id":3420,"date":"2022-07-12T11:43:16","date_gmt":"2022-07-12T15:43:16","guid":{"rendered":"https:\/\/votreamieessentielle.com\/?page_id=3420"},"modified":"2022-07-12T11:43:16","modified_gmt":"2022-07-12T15:43:16","slug":"testimonies","status":"publish","type":"page","link":"https:\/\/votreamieessentielle.com\/fr\/testimonies\/","title":{"rendered":"T\u00e9moignage"},"content":{"rendered":"<p>J\u2019ai d\u00e9but\u00e9 les traitement il y a 6 mois et je commence maintenant \u00e0 voir des r\u00e9sultats. Il a fallu \u00eatre patiente car au d\u00e9but j\u2019avais l\u2019impression qu\u2019il ne se passait pas grand chose\u2026 Je constate maintenant une plus grande densit\u00e9 de cheveux sur le dessus de la t\u00eate. Comme les traitements demande un certain investissement financier, j\u2019ai magasin\u00e9 3 cliniques avant de faire mon choix et c\u2019\u00e9tait la moins dispendieuse et la seule \u00e0 permettre d\u2019\u00e9taler les paiements mensuellement. \u00a0C.B.<\/p>\n<p>&#8212;&#8212;&#8212;&#8212;&#8212;&#8212;&#8212;&#8212;&#8212;&#8212;&#8212;&#8212;&#8212;&#8212;&#8212;&#8212;&#8212;&#8212;&#8212;&#8212;&#8212;&#8212;&#8212;&#8212;&#8212;&#8212;&#8212;&#8212;&#8212;&#8212;&#8212;&#8212;&#8212;&#8212;&#8212;&#8212;&#8212;&#8212;<\/p>\n<p>La clinique capillaire \u00e0 bien rempli sa mission soit am\u00e9liorer la qualit\u00e9 des cheveux et provoquer une nouvelle repousse. Depuis deux ans je fais les traitement et j\u2019ai litt\u00e9ralement eu une repousse et une am\u00e9lioration de mes cheveux. Ils sont moins sec et je peux facilement passer ma main dans mes cheveux sans en arracher plusieurs au passage. La clef du succ\u00e8s : la patience et \u00eatre r\u00e9gulier \u00e0 ses s\u00e9ances. \u00c7a prend environ 6 mois pour s\u2019apercevoir d\u2019une bonne am\u00e9lioration. Ce n\u2019est pas une d\u00e9pense mais un investissement pour son \u00c9go.\u00a0 \u00a0 \u00a0S.K.<\/p>\n<p>&#8212;&#8212;&#8212;&#8212;&#8212;&#8212;&#8212;&#8212;&#8212;&#8212;&#8212;&#8212;&#8212;&#8212;&#8212;&#8212;&#8212;&#8212;&#8212;&#8212;&#8212;&#8212;&#8212;&#8212;&#8212;&#8212;&#8212;&#8212;&#8212;&#8212;&#8212;&#8212;&#8212;&#8212;&#8212;&#8212;&#8212;&#8212;&#8211;<\/p>\n<p>Je travaille pour la clinique dentaire du Dr Alain M\u00e9thot qui est dans le m\u00eame local que Spa Capillaire Ego depuis bient\u00f4t 1 1\/2 ann\u00e9e. Je dois avouer qu\u2019au d\u00e9but je ne croyais tout simplement pas \u00e0 ce genre de traitements. J\u2019\u00e9tais tr\u00e8s r\u00e9ticente. C\u2019est au fil du temps que j\u2019ai vu des r\u00e9sultats chez plusieurs personnes. J\u2019avoue que cela m\u2019a sid\u00e9r\u00e9e puisque \u00e0 mes yeux \u00e0 moi, il n\u2019y avais aucune possibilit\u00e9 pour que cela puisse fonctionner. Au fil des mois j\u2019ai vu des gens retrouver le sourire. Alors pour les septiques comme moi, faite confiance et n\u2019h\u00e9sitez pas!!! \ud83d\ude09 July<\/p>\n<p>&#8212;&#8212;&#8212;&#8212;&#8212;&#8212;&#8212;&#8212;&#8212;&#8212;&#8212;&#8212;&#8212;&#8212;&#8212;&#8212;&#8212;&#8212;&#8212;&#8212;&#8212;&#8212;&#8212;&#8212;&#8212;&#8212;&#8212;&#8212;&#8212;&#8212;&#8212;&#8212;&#8212;&#8212;&#8212;&#8212;&#8212;&#8212;&#8211;<\/p>\n<p>13 mai 2012, On y croirait pas, m\u00eame essayer \u00e7a vaut le d\u00e9placement ! Le laser qui fait pousser les cheveux. Bref, c\u2019est mon avis sur Clinique capillaire Spa EGO et je le partage !<\/p>","protected":false},"excerpt":{"rendered":"<p>J\u2019ai d\u00e9but\u00e9 les traitement il y a 6 mois et je commence maintenant \u00e0 voir des r\u00e9sultats. Il a fallu \u00eatre patiente car au d\u00e9but j\u2019avais l\u2019impression qu\u2019il ne se passait pas grand chose\u2026 Je constate maintenant une plus grande densit\u00e9 de cheveux sur le dessus de la t\u00eate. Comme les traitements demande un certain &#8230;<\/p>\n","protected":false},"author":2,"featured_media":0,"parent":0,"menu_order":0,"comment_status":"closed","ping_status":"closed","template":"","meta":{"footnotes":""},"class_list":["post-3420","page","type-page","status-publish","hentry"],"_links":{"self":[{"href":"https:\/\/votreamieessentielle.com\/fr\/wp-json\/wp\/v2\/pages\/3420","targetHints":{"allow":["GET"]}}],"collection":[{"href":"https:\/\/votreamieessentielle.com\/fr\/wp-json\/wp\/v2\/pages"}],"about":[{"href":"https:\/\/votreamieessentielle.com\/fr\/wp-json\/wp\/v2\/types\/page"}],"author":[{"embeddable":true,"href":"https:\/\/votreamieessentielle.com\/fr\/wp-json\/wp\/v2\/users\/2"}],"replies":[{"embeddable":true,"href":"https:\/\/votreamieessentielle.com\/fr\/wp-json\/wp\/v2\/comments?post=3420"}],"version-history":[{"count":1,"href":"https:\/\/votreamieessentielle.com\/fr\/wp-json\/wp\/v2\/pages\/3420\/revisions"}],"predecessor-version":[{"id":3421,"href":"https:\/\/votreamieessentielle.com\/fr\/wp-json\/wp\/v2\/pages\/3420\/revisions\/3421"}],"wp:attachment":[{"href":"https:\/\/votreamieessentielle.com\/fr\/wp-json\/wp\/v2\/media?parent=3420"}],"curies":[{"name":"wp","href":"https:\/\/api.w.org\/{rel}","templated":true}]}}